{"id":20,"date":"2017-04-23T14:27:09","date_gmt":"2017-04-23T11:27:09","guid":{"rendered":"http:\/\/www.hubider.com\/?page_id=20"},"modified":"2022-08-28T22:55:48","modified_gmt":"2022-08-28T19:55:48","slug":"faaliyetlerimiz","status":"publish","type":"page","link":"https:\/\/www.kriminalofis.com\/hubider\/faaliyetlerimiz\/","title":{"rendered":"Faaliyetlerimiz"},"content":{"rendered":"<p style=\"text-align: center;\"><strong>Faaliyetler B\u00f6l\u00fcm\u00fc<\/strong><\/p>\n<p>&nbsp;<\/p>\n<p>Derne\u011fimiz Y\u00f6netim Kurulu , 25.08.2022 tarihinde Ankara \u00dcniversitesi Adli T\u0131p Anabilim Dal\u0131na ziyaret d\u00fczenlemi\u015ftir.<\/p>\n<p><img loading=\"lazy\" decoding=\"async\" class=\"size-full wp-image-79\" src=\"https:\/\/www.hubider.com\/wp-content\/uploads\/2021\/04\/logo.png\" alt=\"hubider logo\" width=\"150\" height=\"149\" data-id=\"79\" \/><\/p>\n","protected":false},"excerpt":{"rendered":"<p>Faaliyetler B\u00f6l\u00fcm\u00fc &nbsp; Derne\u011fimiz Y\u00f6netim Kurulu , 25.08.2022 tarihinde Ankara \u00dcniversitesi Adli T\u0131p Anabilim Dal\u0131na ziyaret d\u00fczenlemi\u015ftir.<\/p>\n<a class=\"excerpt-more\" href=\"https:\/\/www.kriminalofis.com\/hubider\/faaliyetlerimiz\/\">Read More<i class=\"fa fa-chevron-circle-right\" aria-hidden=\"true\"><\/i><\/a>","protected":false},"author":1,"featured_media":0,"parent":0,"menu_order":0,"comment_status":"closed","ping_status":"closed","template":"","meta":{"footnotes":""},"class_list":["post-20","page","type-page","status-publish","hentry"],"_links":{"self":[{"href":"https:\/\/www.kriminalofis.com\/hubider\/wp-json\/wp\/v2\/pages\/20","targetHints":{"allow":["GET"]}}],"collection":[{"href":"https:\/\/www.kriminalofis.com\/hubider\/wp-json\/wp\/v2\/pages"}],"about":[{"href":"https:\/\/www.kriminalofis.com\/hubider\/wp-json\/wp\/v2\/types\/page"}],"author":[{"embeddable":true,"href":"https:\/\/www.kriminalofis.com\/hubider\/wp-json\/wp\/v2\/users\/1"}],"replies":[{"embeddable":true,"href":"https:\/\/www.kriminalofis.com\/hubider\/wp-json\/wp\/v2\/comments?post=20"}],"version-history":[{"count":7,"href":"https:\/\/www.kriminalofis.com\/hubider\/wp-json\/wp\/v2\/pages\/20\/revisions"}],"predecessor-version":[{"id":140,"href":"https:\/\/www.kriminalofis.com\/hubider\/wp-json\/wp\/v2\/pages\/20\/revisions\/140"}],"wp:attachment":[{"href":"https:\/\/www.kriminalofis.com\/hubider\/wp-json\/wp\/v2\/media?parent=20"}],"curies":[{"name":"wp","href":"https:\/\/api.w.org\/{rel}","templated":true}]}}