{"id":18,"date":"2017-04-23T14:26:52","date_gmt":"2017-04-23T11:26:52","guid":{"rendered":"http:\/\/www.hubider.com\/?page_id=18"},"modified":"2017-04-24T14:56:45","modified_gmt":"2017-04-24T11:56:45","slug":"komisyonlar","status":"publish","type":"page","link":"https:\/\/www.kriminalofis.com\/hubider\/komisyonlar\/","title":{"rendered":"Komisyonlar"},"content":{"rendered":"<p align=\"justify\">\n\t<font face=\"Arial, serif\">HUB\u0130DER&lsquo;de hukuk&ccedil;ular i&ccedil;in ve adli bilimlerin de\u011fi\u015fik alanlar\u0131nda &ccedil;al\u0131\u015fma g&ouml;sterenler i&ccedil;in ayr\u0131 ayr\u0131 komisyonlar olu\u015fturulur. Derne\u011fin kurulu\u015f a\u015famas\u0131nda a\u015fa\u011f\u0131da belirtilen komisyonlar, &uuml;ye ba\u015fvurular\u0131 yap\u0131ld\u0131k&ccedil;a faaliyete ba\u015flamak &uuml;zere planlanm\u0131\u015ft\u0131r. Kurulu\u015ftan sonra da yeni komisyonlar kurulabilecektir. <\/font>\n<\/p>\n<p align=\"justify\">\n\t<font face=\"Arial, serif\"><b>A.Hukuk&ccedil;ular &Uuml;st Komisyonuna ba\u011fl\u0131 alt komisyonlar:<\/b><\/font>\n<\/p>\n<p align=\"justify\">\n\t<font face=\"Arial, serif\">1-Avukatlar Komisyonu<\/font>\n<\/p>\n<p align=\"justify\">\n\t<font face=\"Arial, serif\">2-Arabulucular Komisyonu<\/font>\n<\/p>\n<p align=\"justify\">\n\t<font face=\"Arial, serif\">3-Gen&ccedil; hukuk&ccedil;ular komisyonu<\/font>\n<\/p>\n<p align=\"justify\">\n\t<font face=\"Arial, serif\"><b>B.Adli Bilimciler &Uuml;st Komisyonuna ba\u011fl\u0131 alt komisyonlar\u0131:<\/b><\/font>\n<\/p>\n<p align=\"justify\">\n\t<font face=\"Arial, serif\">1-Adli T\u0131p Uzmanlar\u0131 Komisyonu<\/font>\n<\/p>\n<p align=\"justify\">\n\t<font face=\"Arial, serif\">2-Adli Belge \u0130ncelemecileri Komisyonu<\/font>\n<\/p>\n<p align=\"justify\">\n\t<font face=\"Arial, serif\">3-Adli Balistik \u0130ncelemecileri Komisyonu <\/font>\n<\/p>\n<p align=\"justify\">\n\t<font face=\"Arial, serif\">4-Adli G\u0131dac\u0131lar Komisyonu<\/font>\n<\/p>\n<p align=\"justify\">\n\t<font face=\"Arial, serif\">5-Adli M&uuml;hendisler Komisyonu<\/font>\n<\/p>\n<p align=\"justify\">\n\t<font face=\"Arial, serif\">6- Adli Trafik&ccedil;iler Komisyonu<\/font>\n<\/p>\n<p align=\"justify\">\n\t<font face=\"Arial, serif\">7-Adli Kimyac\u0131lar Komisyonu<\/font>\n<\/p>\n<p align=\"justify\">\n\t<font face=\"Arial, serif\">8-Adli Fizik&ccedil;iler Komisyonu<\/font>\n<\/p>\n<p align=\"justify\">\n\t<font face=\"Arial, serif\">9-Adli Veterinerler Komisyonu<\/font><\/p>\n","protected":false},"excerpt":{"rendered":"<p>HUB\u0130DER&lsquo;de hukuk&ccedil;ular i&ccedil;in ve adli bilimlerin de\u011fi\u015fik alanlar\u0131nda &ccedil;al\u0131\u015fma g&ouml;sterenler i&ccedil;in ayr\u0131 ayr\u0131 komisyonlar olu\u015fturulur. Derne\u011fin kurulu\u015f a\u015famas\u0131nda a\u015fa\u011f\u0131da belirtilen komisyonlar, &uuml;ye ba\u015fvurular\u0131 yap\u0131ld\u0131k&ccedil;a faaliyete ba\u015flamak &uuml;zere planlanm\u0131\u015ft\u0131r. Kurulu\u015ftan sonra da yeni komisyonlar kurulabilecektir. A.Hukuk&ccedil;ular &Uuml;st Komisyonuna ba\u011fl\u0131 alt komisyonlar: &hellip;<\/p>\n<p class=\"read-more\"> <a class=\"more-link\" href=\"https:\/\/www.kriminalofis.com\/hubider\/komisyonlar\/\"> <span class=\"screen-reader-text\">Komisyonlar<\/span> Devam\u0131n\u0131 Oku &raquo;<\/a><\/p>\n<a class=\"excerpt-more\" href=\"https:\/\/www.kriminalofis.com\/hubider\/komisyonlar\/\">Read More<i class=\"fa fa-chevron-circle-right\" aria-hidden=\"true\"><\/i><\/a>","protected":false},"author":1,"featured_media":0,"parent":0,"menu_order":0,"comment_status":"closed","ping_status":"closed","template":"","meta":{"footnotes":""},"class_list":["post-18","page","type-page","status-publish","hentry"],"_links":{"self":[{"href":"https:\/\/www.kriminalofis.com\/hubider\/wp-json\/wp\/v2\/pages\/18","targetHints":{"allow":["GET"]}}],"collection":[{"href":"https:\/\/www.kriminalofis.com\/hubider\/wp-json\/wp\/v2\/pages"}],"about":[{"href":"https:\/\/www.kriminalofis.com\/hubider\/wp-json\/wp\/v2\/types\/page"}],"author":[{"embeddable":true,"href":"https:\/\/www.kriminalofis.com\/hubider\/wp-json\/wp\/v2\/users\/1"}],"replies":[{"embeddable":true,"href":"https:\/\/www.kriminalofis.com\/hubider\/wp-json\/wp\/v2\/comments?post=18"}],"version-history":[{"count":2,"href":"https:\/\/www.kriminalofis.com\/hubider\/wp-json\/wp\/v2\/pages\/18\/revisions"}],"predecessor-version":[{"id":58,"href":"https:\/\/www.kriminalofis.com\/hubider\/wp-json\/wp\/v2\/pages\/18\/revisions\/58"}],"wp:attachment":[{"href":"https:\/\/www.kriminalofis.com\/hubider\/wp-json\/wp\/v2\/media?parent=18"}],"curies":[{"name":"wp","href":"https:\/\/api.w.org\/{rel}","templated":true}]}}